{"id":50,"date":"2015-09-27T23:29:36","date_gmt":"2015-09-27T23:29:36","guid":{"rendered":"http:\/\/aubrieamstutz.com\/?page_id=50"},"modified":"2015-09-27T23:29:36","modified_gmt":"2015-09-27T23:29:36","slug":"the-fruit-crate","status":"publish","type":"page","link":"https:\/\/aubrieamstutz.com\/index.php\/pongeparent\/the-fruit-crate\/","title":{"rendered":"The Fruit Crate"},"content":{"rendered":"<table>\n<tbody>\n<tr>\n<td>\n<figure id=\"attachment_56\" aria-describedby=\"caption-attachment-56\" style=\"width: 300px\" class=\"wp-caption alignright\"><a href=\"http:\/\/aubrieamstutz.com\/wp-content\/uploads\/2015\/09\/ID-100198275.jpg\"><img loading=\"lazy\" decoding=\"async\" class=\"wp-image-56 size-medium\" src=\"http:\/\/aubrieamstutz.com\/wp-content\/uploads\/2015\/09\/ID-100198275-300x215.jpg\" alt=\"Image courtesy of FreeDigitalPhotos.net\" width=\"300\" height=\"215\" \/><\/a><figcaption id=\"caption-attachment-56\" class=\"wp-caption-text\">*Image courtesy of FreeDigitalPhotos.net<\/figcaption><\/figure>\n<p><b>The Fruit Crate<\/b><\/p>\n<p><span style=\"font-weight: 400;\">Midway between a cage and a dungeon the French language has <\/span><i><span style=\"font-weight: 400;\">le cageot<\/span><\/i><span style=\"font-weight: 400;\">, the crate, a simple little box made to carry those sensitive fruits which with the least bit of suffocation are certain to have a bout of sickness.<\/span><\/p>\n<p><span style=\"font-weight: 400;\">Made so that when you\u2019re done with it it can be broken effortlessly, it\u2019s destiny holds no second use. Therefore, its lifetime is even shorter than those of the easily bruised goods it contains. <\/span><\/p>\n<p><span style=\"font-weight: 400;\">On every street corner leading to the market gleam the splinters of unassuming white wood. \u00a0Still brand new, and a little stunned to be so clumsily discarded in the gutter without a single hope of being reclaimed, this object is all the more likeable \u2013 the kind of thing on the fate of which it does not do to dwell on too long. <\/span><\/p>\n<\/td>\n<td>\n<strong>Le Cageot<\/strong><\/p>\n<p><span style=\"font-weight: 400;\">A mi-chemin de la cage au cachot la langue fran\u00e7aise a cageot, simple caissette \u00e0 claire-voie vou\u00e9e au transport de ces fruits qui de la moindre suffocation font \u00e0 coup s\u00fbr une maladie.<\/span><\/p>\n<p><span style=\"font-weight: 400;\">Agenc\u00e9 de fa\u00e7on qu&#8217;au terme de son usage il puisse \u00eatre bris\u00e9 sans effort, il ne sert pas deux fois. Ainsi dure-t-il moins encore que les denr\u00e9es fondantes ou nuageuses qu&#8217;il enferme.<\/span><\/p>\n<p><span style=\"font-weight: 400;\">\u00a0A tous les coins de rues qui aboutissent aux halles, il luit alors de l&#8217;\u00e9clat sans vanit\u00e9 du bois blanc. Tout neuf encore, et l\u00e9g\u00e8rement ahuri d&#8217;\u00eatre dans une pose maladroite \u00e0 la voirie jet\u00e9 sans retour, cet objet est en somme des plus sympathiques &#8211; sur le sort duquel il convient toutefois de ne s&#8217;appesantir longuement.<\/span><\/p>\n<p>&nbsp;<\/p>\n<\/td>\n<\/tr>\n<\/tbody>\n<\/table>\n","protected":false},"excerpt":{"rendered":"<p>The Fruit Crate Midway between a cage and a dungeon the French language has le cageot, the crate, a simple little box made to carry those sensitive fruits which with the least bit of suffocation are certain to have a bout of sickness. Made so that when you\u2019re done with it it can be broken [&hellip;]<\/p>\n","protected":false},"author":1,"featured_media":0,"parent":6,"menu_order":0,"comment_status":"closed","ping_status":"closed","template":"","meta":{"footnotes":""},"class_list":["post-50","page","type-page","status-publish","hentry"],"_links":{"self":[{"href":"https:\/\/aubrieamstutz.com\/index.php\/wp-json\/wp\/v2\/pages\/50","targetHints":{"allow":["GET"]}}],"collection":[{"href":"https:\/\/aubrieamstutz.com\/index.php\/wp-json\/wp\/v2\/pages"}],"about":[{"href":"https:\/\/aubrieamstutz.com\/index.php\/wp-json\/wp\/v2\/types\/page"}],"author":[{"embeddable":true,"href":"https:\/\/aubrieamstutz.com\/index.php\/wp-json\/wp\/v2\/users\/1"}],"replies":[{"embeddable":true,"href":"https:\/\/aubrieamstutz.com\/index.php\/wp-json\/wp\/v2\/comments?post=50"}],"version-history":[{"count":0,"href":"https:\/\/aubrieamstutz.com\/index.php\/wp-json\/wp\/v2\/pages\/50\/revisions"}],"up":[{"embeddable":true,"href":"https:\/\/aubrieamstutz.com\/index.php\/wp-json\/wp\/v2\/pages\/6"}],"wp:attachment":[{"href":"https:\/\/aubrieamstutz.com\/index.php\/wp-json\/wp\/v2\/media?parent=50"}],"curies":[{"name":"wp","href":"https:\/\/api.w.org\/{rel}","templated":true}]}}