{"id":34,"date":"2015-09-27T23:03:32","date_gmt":"2015-09-27T23:03:32","guid":{"rendered":"http:\/\/aubrieamstutz.com\/?page_id=34"},"modified":"2015-09-27T23:03:32","modified_gmt":"2015-09-27T23:03:32","slug":"bananasplit","status":"publish","type":"page","link":"https:\/\/aubrieamstutz.com\/index.php\/pongeparent\/bananasplit\/","title":{"rendered":"Banana-Split"},"content":{"rendered":"<table border=\"0\">\n<tbody>\n<tr>\n<td>\n<figure id=\"attachment_36\" aria-describedby=\"caption-attachment-36\" style=\"width: 230px\" class=\"wp-caption alignright\"><a href=\"http:\/\/aubrieamstutz.com\/wp-content\/uploads\/2015\/09\/ID-100349760.jpg\"><img loading=\"lazy\" decoding=\"async\" class=\"wp-image-36\" src=\"http:\/\/aubrieamstutz.com\/wp-content\/uploads\/2015\/09\/ID-100349760-300x224.jpg\" alt=\"ID-100349760\" width=\"230\" height=\"172\" \/><\/a><figcaption id=\"caption-attachment-36\" class=\"wp-caption-text\">*Image courtesy of FreeDigitalPhotos.net<\/figcaption><\/figure>\n<p><b>Banana- Split<\/b><\/p>\n<p>You never order it. It\u2019s too monstrous, almost tasteless in its clawing sugary profusion. And yet, here you are. You\u2019ve recently grown weary of sophisticated tastes, indulged too often in the bitter nuances. You\u2019ve progressed to the hazy indefinable subtlety of the floating island, to things just shy of imperceptible. You\u2019ve advanced to the measured summertime luxuriance of a little cup of four red fruits. So, just once, you let yourself linger over that line on the menu reserved for banana split.<\/p>\n<p>\u201cAnd for you?\u201d<\/p>\n<p>\u201cA banana split.\u201d<\/p>\n<p>It\u2019s almost difficult to order, this mountain of simple pleasure. The young man takes your order with a respectful impartiality, but still you feel a little sheepish. There\u2019s something childish in this unbridled consumption, which disregards every dietary moral and is completely without aesthetic reluctance. \u00a0Banana split: the sheer brash childish gluttony, a pure primal hunger. When you get it, the surrounding diners leer at the dish with a mocking eye. It\u2019s served on a dish, or in a giant even less discrete boat. Around the rest of the room there\u2019s nothing but measly bird-sized helpings, narrow cakes whose chocolaty intensity collects in a skinny saucer. But, the banana split unfurls its earthly indulgence. A half-hearted shoring up of banana supported by scoops of vanilla and chocolate couldn\u2019t dream of holding together a united front. The situation is exacerbated by a generous dapple of garish whipped cream. Thousands of people in the world die of hunger. Perhaps this thought is conceivable before a small slab of bitter chocolate. But, how do you confront it faced with a banana split? With the sprawling wonder under your nose you\u2019re not really even hungry anymore. The remorse starts to set in, but you\u2019ve got to get through it. You\u2019ll forgive yourself after all this languid sweetness. A perversity such as this is healthy from time to time, and it can be accomplished only with the help of a philandering appetite. Like a child stealing jam from the pantry, you hide this indecent pleasure from the adult world, condemned by the unspoken code, and you\u2019re fully aware up until the final spoonful- it\u2019s a sin.<\/td>\n<td><strong>Un banana-split<\/strong><\/p>\n<p>On n&#8217;en prend jamais. C&#8217;est trop monstrueux, presque fade \u00e0 force d&#8217;opulence sucreuse. Mais voil\u00e0. On a trop fait ces derniers temps dans le cama\u00efeu raffin\u00e9, l&#8217;amertume ton sur ton. On a pouss\u00e9 jusqu&#8217;\u00e0 l&#8217;\u00eele flottante le l\u00e9ger vaporeux, l&#8217;insaisissable, et jusqu&#8217;\u00e0 la coupelle aux quatre fruits rouges la luxuriance estivale mesur\u00e9e. Alors, pour une fois, on ne saute pas sur le menu la ligne r\u00e9serv\u00e9e au banana-split.<\/p>\n<p>&#8211; Et pour vous?<\/p>\n<p>&#8211; Un banana-split.<\/p>\n<p>C&#8217;est assez difficile \u00e0 commander, cette montagne de bonheur simple. Le gar\u00e7on l&#8217;enregistre avec une objectivit\u00e9 d\u00e9f\u00e9rente, mais on se sent quand m\u00eame un peu penaud. Il y a quelque chose d&#8217;enfantin dans ce d\u00e9sir total, que ne vient cautionner aucune morale di\u00e9t\u00e9tique, aucune r\u00e9ticence esth\u00e9tique. Banana-split, c&#8217;est la gourmandise provocante et pu\u00e9rile, l&#8217;app\u00e9tit brut. Quand on vous l&#8217;apporte, les clients des tables voisines lorgnent l&#8217;assiette avec un oeil goguenard. Car c&#8217;est servi sur assiette, le banana-split, ou dans une vaste barquette \u00e0 peine plus discr\u00e8te. Partout, dans la salle, ce ne sont que coupes minces pour cigognes, g\u00e2teaux \u00e9troits dont l&#8217;intensit\u00e9 chocolat\u00e9e se recueille dans une \u00e9tique soucoupe. Mais le banana-split s&#8217;\u00e9tale: c&#8217;est un plaisir \u00e0 ras de terre. Un vague empilement de la banane sur les boules de vanille et de chocolat n&#8217;emp\u00eache pas la surface, exacerb\u00e9e par une dose g\u00e9n\u00e9reuse de chantilly ringarde. Des milliers de gens sur terre meurent de faim. Cette pens\u00e9e est recevable \u00e0 la rigueur devant un pav\u00e9 au chocolat amer. Mais comment l&#8217;affronter face au banana-split? La merveille \u00e9tal\u00e9e sous le nez, on n&#8217;a plus vraiment faim. Heureusement, le remords s&#8217;installe. C&#8217;est lui qui vous permettra d&#8217;aller au bout de toute cette douceur languissante. Une perversit\u00e9 salubre vient \u00e0 la rescousse de l&#8217;app\u00e9tit flageolant. Comme on volait enfant des confitures dans l&#8217;armoire, on d\u00e9robe au monde adulte un plaisir ind\u00e9cent, r\u00e9prouv\u00e9 par le code &#8211; jusqu&#8217;\u00e0 l&#8217;ultime cuiller\u00e9e, c&#8217;est un p\u00e9ch\u00e9.<\/td>\n<\/tr>\n<\/tbody>\n<\/table>\n<p>&nbsp;<\/p>\n<p>&nbsp;<\/p>\n<p>&nbsp;<\/p>\n","protected":false},"excerpt":{"rendered":"<p>Banana- Split You never order it. It\u2019s too monstrous, almost tasteless in its clawing sugary profusion. And yet, here you are. You\u2019ve recently grown weary of sophisticated tastes, indulged too often in the bitter nuances. You\u2019ve progressed to the hazy indefinable subtlety of the floating island, to things just shy of imperceptible. You\u2019ve advanced to [&hellip;]<\/p>\n","protected":false},"author":1,"featured_media":0,"parent":6,"menu_order":0,"comment_status":"closed","ping_status":"closed","template":"template-no-sidebar.php","meta":{"footnotes":""},"class_list":["post-34","page","type-page","status-publish","hentry"],"_links":{"self":[{"href":"https:\/\/aubrieamstutz.com\/index.php\/wp-json\/wp\/v2\/pages\/34","targetHints":{"allow":["GET"]}}],"collection":[{"href":"https:\/\/aubrieamstutz.com\/index.php\/wp-json\/wp\/v2\/pages"}],"about":[{"href":"https:\/\/aubrieamstutz.com\/index.php\/wp-json\/wp\/v2\/types\/page"}],"author":[{"embeddable":true,"href":"https:\/\/aubrieamstutz.com\/index.php\/wp-json\/wp\/v2\/users\/1"}],"replies":[{"embeddable":true,"href":"https:\/\/aubrieamstutz.com\/index.php\/wp-json\/wp\/v2\/comments?post=34"}],"version-history":[{"count":0,"href":"https:\/\/aubrieamstutz.com\/index.php\/wp-json\/wp\/v2\/pages\/34\/revisions"}],"up":[{"embeddable":true,"href":"https:\/\/aubrieamstutz.com\/index.php\/wp-json\/wp\/v2\/pages\/6"}],"wp:attachment":[{"href":"https:\/\/aubrieamstutz.com\/index.php\/wp-json\/wp\/v2\/media?parent=34"}],"curies":[{"name":"wp","href":"https:\/\/api.w.org\/{rel}","templated":true}]}}